{"id":1816,"date":"2025-12-04T06:37:06","date_gmt":"2025-12-04T05:37:06","guid":{"rendered":"https:\/\/cadamedia.com.br\/a-propos-de-nous\/"},"modified":"2026-01-06T13:00:46","modified_gmt":"2026-01-06T12:00:46","slug":"a-propos","status":"publish","type":"page","link":"https:\/\/cadamedia.com.br\/fr\/a-propos\/","title":{"rendered":"\u00c0 propos"},"content":{"rendered":"\t\t<div data-elementor-type=\"wp-page\" data-elementor-id=\"1816\" class=\"elementor elementor-1816 elementor-1463\" data-elementor-settings=\"{&quot;ha_cmc_init_switcher&quot;:&quot;no&quot;}\" data-elementor-post-type=\"page\">\n\t\t\t\t<div class=\"elementor-element elementor-element-64fefca e-flex e-con-boxed e-con e-parent\" data-id=\"64fefca\" data-element_type=\"container\" data-settings=\"{&quot;background_background&quot;:&quot;classic&quot;,&quot;_ha_eqh_enable&quot;:false}\">\n\t\t\t\t\t<div class=\"e-con-inner\">\n\t\t\t\t<div class=\"elementor-element elementor-element-2cff324 elementor-widget elementor-widget-heading\" data-id=\"2cff324\" data-element_type=\"widget\" data-widget_type=\"heading.default\">\n\t\t\t\t\t<h2 class=\"elementor-heading-title elementor-size-default\">\u00c0 propos<\/h2>\t\t\t\t<\/div>\n\t\t\t\t\t<\/div>\n\t\t\t\t<\/div>\n\t\t<div class=\"elementor-element elementor-element-19bb2ff e-con-full e-flex e-con e-parent\" data-id=\"19bb2ff\" data-element_type=\"container\" data-settings=\"{&quot;background_background&quot;:&quot;classic&quot;,&quot;_ha_eqh_enable&quot;:false}\">\n\t\t\t\t<div class=\"elementor-element elementor-element-8ca21b6 elementor-widget__width-initial elementor-widget elementor-widget-text-editor\" data-id=\"8ca21b6\" data-element_type=\"widget\" data-widget_type=\"text-editor.default\">\n\t\t\t\t\t\t\t\t\t<p class=\"_28USrA AfeL7g XN6uKA _4N4NA\">CADA Media trouve ses racines au c\u0153ur du Br\u00e9sil, plus pr\u00e9cis\u00e9ment au Montana Ranch, le ranch familial de Carol, dans les montagnes du Minas Gerais. Entre ranchs et fermes, poussi\u00e8re, soleil ardent et chevaux Quarter Horse, ce quotidien a fa\u00e7onn\u00e9 notre regard. Les week-ends \u00e9taient rythm\u00e9s par les comp\u00e9titions dans les ranchs, tandis que les semaines se remplissaient de soins, d\u2019entra\u00eenements et de longues balades \u00e0 cheval \u00e0 travers les paysages montagneux. De cet univers rustique et exigeant est n\u00e9e notre inspiration : valoriser l&rsquo;\u00e9l\u00e9gance \u00e9questre et prolonger l&rsquo;h\u00e9ritage western \u00e0 travers des images authentiques et intemporelles.<\/p>\t\t\t\t\t\t\t\t<\/div>\n\t\t\t\t<\/div>\n\t\t<div class=\"elementor-element elementor-element-3e1e435 e-flex e-con-boxed e-con e-parent\" data-id=\"3e1e435\" data-element_type=\"container\" data-settings=\"{&quot;background_background&quot;:&quot;classic&quot;,&quot;_ha_eqh_enable&quot;:false}\">\n\t\t\t\t\t<div class=\"e-con-inner\">\n\t\t<div class=\"elementor-element elementor-element-324bea0 e-con-full e-flex e-con e-child\" data-id=\"324bea0\" data-element_type=\"container\" data-settings=\"{&quot;background_background&quot;:&quot;classic&quot;,&quot;_ha_eqh_enable&quot;:false}\">\n\t\t\t\t<\/div>\n\t\t<div class=\"elementor-element elementor-element-ada66f4 e-con-full e-flex e-con e-child\" data-id=\"ada66f4\" data-element_type=\"container\" data-settings=\"{&quot;_ha_eqh_enable&quot;:false}\">\n\t\t\t\t<div class=\"elementor-element elementor-element-03cceb3 elementor-widget elementor-widget-heading\" data-id=\"03cceb3\" data-element_type=\"widget\" data-widget_type=\"heading.default\">\n\t\t\t\t\t<h2 class=\"elementor-heading-title elementor-size-default\">Salut, nous sommes Carol et Damien !<\/h2>\t\t\t\t<\/div>\n\t\t\t\t<div class=\"elementor-element elementor-element-b3cefc3 elementor-widget__width-initial elementor-widget elementor-widget-text-editor\" data-id=\"b3cefc3\" data-element_type=\"widget\" data-widget_type=\"text-editor.default\">\n\t\t\t\t\t\t\t\t\t<p>Un couple franco-br\u00e9silien uni par la volont\u00e9 de raconter et de pr\u00e9server l&rsquo;univers western \u00e0 travers la photographie et la vid\u00e9o.<\/p><p>Je suis Damien. N\u00e9 en France, mais c&rsquo;est au Br\u00e9sil que j&rsquo;ai forg\u00e9 mon regard de photographe et vid\u00e9aste \u00e9questre. Attentif \u00e0 la lumi\u00e8re, au mouvement juste et au d\u00e9tail de chaque particule de poussi\u00e8re, je cherche \u00e0 capturer la v\u00e9rit\u00e9 brute de chaque instant.  <\/p><p>Je suis Carol. N\u00e9e au Br\u00e9sil, \u00e9lev\u00e9e entre les ranchs, les fermes et les chevaux Quarter Horse. Aujourd&rsquo;hui, je suis directrice artistique et social media manager : je donne forme \u00e0 la vision, j&rsquo;assure la coh\u00e9rence et j&rsquo;apporte une lecture contemporaine de cet h\u00e9ritage.  <\/p><p>Ensemble, nous unissons nos deux cultures et sensibilit\u00e9s pour cr\u00e9er des contenus qui combinent la force brute du western avec l&rsquo;\u00e9l\u00e9gance contemporaine.<\/p>\t\t\t\t\t\t\t\t<\/div>\n\t\t\t\t<\/div>\n\t\t\t\t\t<\/div>\n\t\t\t\t<\/div>\n\t\t<div class=\"elementor-element elementor-element-0f69dc7 elementor-hidden-mobile e-flex e-con-boxed e-con e-parent\" data-id=\"0f69dc7\" data-element_type=\"container\" data-settings=\"{&quot;background_background&quot;:&quot;classic&quot;,&quot;_ha_eqh_enable&quot;:false}\">\n\t\t\t\t\t<div class=\"e-con-inner\">\n\t\t<div class=\"elementor-element elementor-element-336d4f1 e-con-full e-flex e-con e-child\" data-id=\"336d4f1\" data-element_type=\"container\" data-settings=\"{&quot;_ha_eqh_enable&quot;:false}\">\n\t\t\t\t<div class=\"elementor-element elementor-element-076c467 elementor-widget elementor-widget-heading\" data-id=\"076c467\" data-element_type=\"widget\" data-widget_type=\"heading.default\">\n\t\t\t\t\t<h2 class=\"elementor-heading-title elementor-size-default\">Notre regard sur l\u2019univers western<\/h2>\t\t\t\t<\/div>\n\t\t\t\t<div class=\"elementor-element elementor-element-9bdb015 elementor-widget__width-initial elementor-widget elementor-widget-text-editor\" data-id=\"9bdb015\" data-element_type=\"widget\" data-widget_type=\"text-editor.default\">\n\t\t\t\t\t\t\t\t\t<p data-start=\"1964\" data-end=\"2178\">Ce qui nous a toujours attir\u00e9s, ce ne sont pas seulement les chevaux en eux-m\u00eames, mais leur r\u00f4le, leur \u00e9nergie et la pr\u00e9sence qu\u2019ils portent dans le travail, le sport et la relation avec l\u2019\u00eatre humain.<\/p><p data-start=\"2180\" data-end=\"2486\">Au fil des ann\u00e9es, en vivant au c\u0153ur des comp\u00e9titions et des ranchs, nous avons appris \u00e0 reconna\u00eetre ce qui fait r\u00e9ellement la diff\u00e9rence dans une image.<\/p><p data-start=\"2488\" data-end=\"2745\">Cette sensibilit\u00e9 ne vient pas uniquement de la technique photographique.<br data-start=\"2545\" data-end=\"2548\">Elle na\u00eet de l\u2019exp\u00e9rience : les coulisses \u00e0 l\u2019aube, la poussi\u00e8re des ar\u00e8nes, les kilom\u00e8tres sur la route, les entra\u00eenements au ranch et toutes ces sc\u00e8nes que seuls ceux qui vivent cet univers reconnaissent imm\u00e9diatement.<\/p><p data-start=\"2747\" data-end=\"3057\">Pour nous, photographier l\u2019univers western, ce n\u2019est pas \u201cfaire de belles images\u201d.<br><br data-start=\"2817\" data-end=\"2820\">C\u2019est capturer l\u2019essence du cheval, la v\u00e9rit\u00e9 de l\u2019instant et l\u2019\u00e9motion qui relie le cavalier, le cheval et la performance.<br data-start=\"2933\" data-end=\"2936\">Des images qui parlent au public, valorisent votre travail et maintiennent votre histoire vivante bien apr\u00e8s l\u2019instant captur\u00e9.<\/p>\t\t\t\t\t\t\t\t<\/div>\n\t\t\t\t<\/div>\n\t\t<div class=\"elementor-element elementor-element-32b8255 e-con-full e-flex e-con e-child\" data-id=\"32b8255\" data-element_type=\"container\" data-settings=\"{&quot;background_background&quot;:&quot;classic&quot;,&quot;_ha_eqh_enable&quot;:false}\">\n\t\t\t\t<\/div>\n\t\t\t\t\t<\/div>\n\t\t\t\t<\/div>\n\t\t<div class=\"elementor-element elementor-element-a94c81f e-flex e-con-boxed e-con e-parent\" data-id=\"a94c81f\" data-element_type=\"container\" data-settings=\"{&quot;background_background&quot;:&quot;classic&quot;,&quot;_ha_eqh_enable&quot;:false}\">\n\t\t\t\t\t<div class=\"e-con-inner\">\n\t\t<div class=\"elementor-element elementor-element-e22d8a4 e-con-full e-flex e-con e-child\" data-id=\"e22d8a4\" data-element_type=\"container\" data-settings=\"{&quot;background_background&quot;:&quot;classic&quot;,&quot;_ha_eqh_enable&quot;:false}\">\n\t\t\t\t<\/div>\n\t\t<div class=\"elementor-element elementor-element-64068e5 e-con-full e-flex e-con e-child\" data-id=\"64068e5\" data-element_type=\"container\" data-settings=\"{&quot;_ha_eqh_enable&quot;:false}\">\n\t\t\t\t<div class=\"elementor-element elementor-element-13847b2 elementor-widget__width-initial elementor-widget elementor-widget-text-editor\" data-id=\"13847b2\" data-element_type=\"widget\" data-widget_type=\"text-editor.default\">\n\t\t\t\t\t\t\t\t\t<p data-start=\"936\" data-end=\"1164\">Que ce soit pour un \u00e9v\u00e9nement, un ranch, une marque, un cheval \u00e0 vendre ou un projet personnel, nous serons ravis d\u2019\u00e9changer avec vous.<\/p><p data-start=\"936\" data-end=\"1164\">Tout projet commence par une conversation, une curiosit\u00e9, une id\u00e9e, une envie de cr\u00e9er quelque chose de sp\u00e9cial.<\/p><p data-start=\"1166\" data-end=\"1277\">Nous sommes bas\u00e9s en France et nous nous d\u00e9pla\u00e7ons facilement en Europe et \u00e0 l\u2019international.<\/p><p data-start=\"1279\" data-end=\"1430\">Contactez-nous pour votre prochain projet.<br><br data-start=\"1328\" data-end=\"1331\">Ce sera un plaisir d\u2019\u00e9changer avec vous et de vous aider \u00e0 cr\u00e9er des contenus qui valorisent r\u00e9ellement votre univers.<\/p>\t\t\t\t\t\t\t\t<\/div>\n\t\t\t\t<\/div>\n\t\t\t\t\t<\/div>\n\t\t\t\t<\/div>\n\t\t<div class=\"elementor-element elementor-element-fc55ead e-flex e-con-boxed e-con e-parent\" data-id=\"fc55ead\" data-element_type=\"container\" data-settings=\"{&quot;background_background&quot;:&quot;classic&quot;,&quot;_ha_eqh_enable&quot;:false}\">\n\t\t\t\t\t<div class=\"e-con-inner\">\n\t\t\t\t<div class=\"elementor-element elementor-element-3641047 elementor-widget elementor-widget-heading\" data-id=\"3641047\" data-element_type=\"widget\" data-widget_type=\"heading.default\">\n\t\t\t\t\t<h2 class=\"elementor-heading-title elementor-size-default\">Inscrivez-vous \u00e0 notre newsletter !<\/h2>\t\t\t\t<\/div>\n\t\t<div class=\"elementor-element elementor-element-7ae5056 e-con-full e-flex e-con e-child\" data-id=\"7ae5056\" data-element_type=\"container\" data-settings=\"{&quot;_ha_eqh_enable&quot;:false}\">\n\t\t\t\t<div class=\"elementor-element elementor-element-22c3174 elementor-button-align-start elementor-widget__width-initial elementor-widget elementor-widget-form\" data-id=\"22c3174\" data-element_type=\"widget\" data-settings=\"{&quot;button_width&quot;:&quot;30&quot;,&quot;step_next_label&quot;:&quot;Suivant&quot;,&quot;step_previous_label&quot;:&quot;Pr\\u00e9c\\u00e9dent&quot;,&quot;step_type&quot;:&quot;number_text&quot;,&quot;step_icon_shape&quot;:&quot;circle&quot;}\" data-widget_type=\"form.default\">\n\t\t\t\t\t\t\t<form class=\"elementor-form\" method=\"post\" name=\"Nouveau formulaire\" aria-label=\"Nouveau formulaire\">\n\t\t\t<input type=\"hidden\" name=\"post_id\" value=\"1816\"\/>\n\t\t\t<input type=\"hidden\" name=\"form_id\" value=\"22c3174\"\/>\n\t\t\t<input type=\"hidden\" name=\"referer_title\" value=\"\u00c0 propos\" \/>\n\n\t\t\t\t\t\t\t<input type=\"hidden\" name=\"queried_id\" value=\"1816\"\/>\n\t\t\t\n\t\t\t<div class=\"elementor-form-fields-wrapper elementor-labels-above\">\n\t\t\t\t\t\t\t\t<div class=\"elementor-field-type-text elementor-field-group elementor-column elementor-field-group-name elementor-col-70\">\n\t\t\t\t\t\t\t\t\t\t\t\t\t<input size=\"1\" type=\"text\" name=\"form_fields[name]\" id=\"form-field-name\" class=\"elementor-field elementor-size-sm  elementor-field-textual\" placeholder=\"Email\">\n\t\t\t\t\t\t\t\t\t\t\t<\/div>\n\t\t\t\t\t\t\t\t<div class=\"elementor-field-group elementor-column elementor-field-type-submit elementor-col-30 e-form__buttons\">\n\t\t\t\t\t<button class=\"elementor-button elementor-size-sm\" type=\"submit\">\n\t\t\t\t\t\t<span class=\"elementor-button-content-wrapper\">\n\t\t\t\t\t\t\t\t\t\t\t\t\t\t\t\t\t\t\t\t\t\t<span class=\"elementor-button-text\">S'inscrire<\/span>\n\t\t\t\t\t\t\t\t\t\t\t\t\t<\/span>\n\t\t\t\t\t<\/button>\n\t\t\t\t<\/div>\n\t\t\t<\/div>\n\t\t<\/form>\n\t\t\t\t\t\t<\/div>\n\t\t\t\t<\/div>\n\t\t\t\t\t<\/div>\n\t\t\t\t<\/div>\n\t\t<div class=\"elementor-element elementor-element-adf3568 e-flex e-con-boxed e-con e-parent\" data-id=\"adf3568\" data-element_type=\"container\" id=\"hero-swap\" data-settings=\"{&quot;background_background&quot;:&quot;classic&quot;,&quot;_ha_eqh_enable&quot;:false}\">\n\t\t\t\t\t<div class=\"e-con-inner\">\n\t\t<div class=\"elementor-element elementor-element-209948a3 e-con-full e-flex e-con e-child\" data-id=\"209948a3\" data-element_type=\"container\" data-settings=\"{&quot;_ha_eqh_enable&quot;:false}\">\n\t\t<div class=\"elementor-element elementor-element-33298c45 e-con-full hero-card card-1 e-flex e-con e-child\" data-id=\"33298c45\" data-element_type=\"container\" data-settings=\"{&quot;_ha_eqh_enable&quot;:false}\" data-bg=\"\">\n\t\t\t\t<div class=\"elementor-element elementor-element-1f2b5a06 elementor-widget elementor-widget-heading\" data-id=\"1f2b5a06\" data-element_type=\"widget\" data-widget_type=\"heading.default\">\n\t\t\t\t\t<h2 class=\"elementor-heading-title elementor-size-default\"><a href=\"https:\/\/cadamedia.com.br\/fr\/portfolio\/\">D\u00e9couvrez notre travail \n\n<\/a><\/h2>\t\t\t\t<\/div>\n\t\t\t\t<div class=\"elementor-element elementor-element-6d81c8e2 elementor-widget elementor-widget-heading\" data-id=\"6d81c8e2\" data-element_type=\"widget\" data-widget_type=\"heading.default\">\n\t\t\t\t\t<h2 class=\"elementor-heading-title elementor-size-default\"><a href=\"https:\/\/cadamedia.com.br\/fr\/portfolio\/\">dans notre portfolio\n\n<\/a><\/h2>\t\t\t\t<\/div>\n\t\t\t\t<div data-ha-element-link=\"{&quot;url&quot;:&quot;https:\\\/\\\/cadamedia.com.br\\\/fr\\\/portfolio\\\/&quot;,&quot;is_external&quot;:&quot;&quot;,&quot;nofollow&quot;:&quot;&quot;}\" style=\"cursor: pointer\" class=\"elementor-element elementor-element-3286c85f elementor-widget elementor-widget-html\" data-id=\"3286c85f\" data-element_type=\"widget\" data-widget_type=\"html.default\">\n\t\t\t\t\t<span class=\"arrow\" aria-hidden=\"true\">\r\n  <svg viewbox=\"0 0 48 12\" width=\"48\" height=\"12\">\r\n    <path d=\"M1 6h42m0 0l-5-5m5 5l-5 5\" fill=\"none\" stroke=\"currentColor\" stroke-width=\"1.5\" stroke-linecap=\"round\" stroke-linejoin=\"round\"\/>\r\n  <\/svg>\r\n<\/span>\r\n\t\t\t\t<\/div>\n\t\t\t\t<\/div>\n\t\t<div class=\"elementor-element elementor-element-1a33adc0 e-con-full hero-card card-2 e-flex e-con e-child\" data-id=\"1a33adc0\" data-element_type=\"container\" data-settings=\"{&quot;_ha_eqh_enable&quot;:false}\" data-bg=\"\">\n\t\t\t\t<div class=\"elementor-element elementor-element-7f89bdb6 elementor-widget elementor-widget-heading\" data-id=\"7f89bdb6\" data-element_type=\"widget\" data-widget_type=\"heading.default\">\n\t\t\t\t\t<h2 class=\"elementor-heading-title elementor-size-default\"><a href=\"https:\/\/cadamedia.com.br\/fr\/services\/\">Explorez<\/a><\/h2>\t\t\t\t<\/div>\n\t\t\t\t<div class=\"elementor-element elementor-element-7c60b641 elementor-widget elementor-widget-heading\" data-id=\"7c60b641\" data-element_type=\"widget\" data-widget_type=\"heading.default\">\n\t\t\t\t\t<h2 class=\"elementor-heading-title elementor-size-default\"><a href=\"https:\/\/cadamedia.com.br\/fr\/services\/\">nos services\n\n<\/a><\/h2>\t\t\t\t<\/div>\n\t\t\t\t<div data-ha-element-link=\"{&quot;url&quot;:&quot;https:\\\/\\\/cadamedia.com.br\\\/fr\\\/services\\\/&quot;,&quot;is_external&quot;:&quot;&quot;,&quot;nofollow&quot;:&quot;&quot;}\" style=\"cursor: pointer\" class=\"elementor-element elementor-element-2a1e5a23 elementor-widget elementor-widget-html\" data-id=\"2a1e5a23\" data-element_type=\"widget\" data-widget_type=\"html.default\">\n\t\t\t\t\t<span class=\"arrow\" aria-hidden=\"true\">\r\n  <svg viewbox=\"0 0 48 12\" width=\"48\" height=\"12\">\r\n    <path d=\"M1 6h42m0 0l-5-5m5 5l-5 5\" fill=\"none\" stroke=\"currentColor\" stroke-width=\"1.5\" stroke-linecap=\"round\" stroke-linejoin=\"round\"\/>\r\n  <\/svg>\r\n<\/span>\r\n\t\t\t\t<\/div>\n\t\t\t\t<\/div>\n\t\t<div class=\"elementor-element elementor-element-352a02d4 e-con-full hero-card card-3 e-flex e-con e-child\" data-id=\"352a02d4\" data-element_type=\"container\" data-settings=\"{&quot;_ha_eqh_enable&quot;:false}\" data-bg=\"\">\n\t\t\t\t<div class=\"elementor-element elementor-element-53ddcb8a elementor-widget elementor-widget-heading\" data-id=\"53ddcb8a\" data-element_type=\"widget\" data-widget_type=\"heading.default\">\n\t\t\t\t\t<h2 class=\"elementor-heading-title elementor-size-default\"><a href=\"https:\/\/cadamedia.com.br\/fr\/blog\/\">Notre parcours artistique\n\n<\/a><\/h2>\t\t\t\t<\/div>\n\t\t\t\t<div class=\"elementor-element elementor-element-6f86882e elementor-widget elementor-widget-heading\" data-id=\"6f86882e\" data-element_type=\"widget\" data-widget_type=\"heading.default\">\n\t\t\t\t\t<h2 class=\"elementor-heading-title elementor-size-default\"><a href=\"https:\/\/cadamedia.com.br\/fr\/blog\/\">lisez notre blog\n\n<\/a><\/h2>\t\t\t\t<\/div>\n\t\t\t\t<div data-ha-element-link=\"{&quot;url&quot;:&quot;https:\\\/\\\/cadamedia.com.br\\\/fr\\\/blog\\\/&quot;,&quot;is_external&quot;:&quot;&quot;,&quot;nofollow&quot;:&quot;&quot;}\" style=\"cursor: pointer\" class=\"elementor-element elementor-element-6e1615b4 elementor-widget elementor-widget-html\" data-id=\"6e1615b4\" data-element_type=\"widget\" data-widget_type=\"html.default\">\n\t\t\t\t\t<span class=\"arrow\" aria-hidden=\"true\">\r\n  <svg viewbox=\"0 0 48 12\" width=\"48\" height=\"12\">\r\n    <path d=\"M1 6h42m0 0l-5-5m5 5l-5 5\" fill=\"none\" stroke=\"currentColor\" stroke-width=\"1.5\" stroke-linecap=\"round\" stroke-linejoin=\"round\"\/>\r\n  <\/svg>\r\n<\/span>\r\n\t\t\t\t<\/div>\n\t\t\t\t<\/div>\n\t\t\t\t<\/div>\n\t\t<div class=\"elementor-element elementor-element-7e2008a4 e-con-full e-flex e-con e-child\" data-id=\"7e2008a4\" data-element_type=\"container\" data-settings=\"{&quot;_ha_eqh_enable&quot;:false}\">\n\t\t\t\t<div class=\"elementor-element elementor-element-3578a1ed elementor-widget elementor-widget-html\" data-id=\"3578a1ed\" data-element_type=\"widget\" data-widget_type=\"html.default\">\n\t\t\t\t\t<script>document.addEventListener('DOMContentLoaded', function(){\r\n  const hero = document.getElementById('hero-swap');\r\n  if(!hero) return;\r\n\r\n  const urls = {\r\n    1: \"https:\/\/cadamedia.com.br\/wp-content\/uploads\/2025\/10\/r1.png\",\r\n    2: \"https:\/\/cadamedia.com.br\/wp-content\/uploads\/2025\/10\/r2.png\",\r\n    3: \"https:\/\/cadamedia.com.br\/wp-content\/uploads\/2025\/10\/r3.png\"\r\n  };\r\n\r\n  \/\/ cria a camada ::after equivalente via DOM:\r\n  let fx = document.createElement('div');\r\n  fx.className = 'hero-swap-fx';\r\n  hero.appendChild(fx);\r\n\r\n  Object.assign(fx.style,{\r\n    position:'absolute', inset:'0', backgroundSize:'cover', backgroundPosition:'center',\r\n    opacity:'0', transition:'opacity .6s ease', pointerEvents:'none', zIndex:'1'\r\n  });\r\n\r\n  \/\/ garante sobreposi\u00e7\u00e3o do Elementor\r\n  const overlay = hero.querySelector('.elementor-background-overlay');\r\n  if(overlay){ overlay.style.zIndex = '2'; }\r\n  hero.querySelectorAll('.hero-card').forEach((card,i)=>{\r\n    const id = [...card.classList].find(c=>\/^card-\\d$\/.test(c));\r\n    const n = id ? id.split('-')[1] : i+1;\r\n\r\n    const show = ()=>{ fx.style.backgroundImage = `url(\"${urls[n]}\")`; fx.style.opacity = '1'; };\r\n    const hide = ()=>{ fx.style.opacity = '0'; };\r\n\r\n    card.addEventListener('mouseenter', show);\r\n    card.addEventListener('focusin', show);\r\n    card.addEventListener('mouseleave', hide);\r\n    card.addEventListener('focusout', hide);\r\n  });\r\n});\r\n<\/script>\t\t\t\t<\/div>\n\t\t\t\t<\/div>\n\t\t\t\t\t<\/div>\n\t\t\t\t<\/div>\n\t\t<div class=\"elementor-element elementor-element-567a3f9 e-flex e-con-boxed e-con e-parent\" data-id=\"567a3f9\" data-element_type=\"container\" data-settings=\"{&quot;background_background&quot;:&quot;classic&quot;,&quot;_ha_eqh_enable&quot;:false}\">\n\t\t\t\t\t<div class=\"e-con-inner\">\n\t\t\t\t<div class=\"elementor-element elementor-element-e856eac elementor-widget__width-initial elementor-widget elementor-widget-image-carousel\" data-id=\"e856eac\" data-element_type=\"widget\" id=\"carrossel\" data-settings=\"{&quot;slides_to_show&quot;:&quot;5&quot;,&quot;navigation&quot;:&quot;none&quot;,&quot;autoplay_speed&quot;:0,&quot;speed&quot;:8000,&quot;autoplay&quot;:&quot;yes&quot;,&quot;pause_on_hover&quot;:&quot;yes&quot;,&quot;pause_on_interaction&quot;:&quot;yes&quot;,&quot;infinite&quot;:&quot;yes&quot;}\" data-widget_type=\"image-carousel.default\">\n\t\t\t\t\t\t\t<div class=\"elementor-image-carousel-wrapper swiper\" role=\"region\" aria-roledescription=\"carousel\" aria-label=\"Carrossel de imagens\" dir=\"ltr\">\n\t\t\t<div class=\"elementor-image-carousel swiper-wrapper\" aria-live=\"off\">\n\t\t\t\t\t\t\t\t<div class=\"swiper-slide\" role=\"group\" aria-roledescription=\"slide\" aria-label=\"1 sur 5\"><figure class=\"swiper-slide-inner\"><img decoding=\"async\" class=\"swiper-slide-image\" src=\"https:\/\/cadamedia.com.br\/wp-content\/uploads\/2025\/10\/7cb10b5f-e071-4509-a40f-c87345d5d8b1.png\" alt=\"7cb10b5f-e071-4509-a40f-c87345d5d8b1\" \/><\/figure><\/div><div class=\"swiper-slide\" role=\"group\" aria-roledescription=\"slide\" aria-label=\"2 sur 5\"><figure class=\"swiper-slide-inner\"><img decoding=\"async\" class=\"swiper-slide-image\" src=\"https:\/\/cadamedia.com.br\/wp-content\/uploads\/2025\/10\/2d8619e8-a2b4-404a-b25e-b7141d17ae81.png\" alt=\"2d8619e8-a2b4-404a-b25e-b7141d17ae81\" \/><\/figure><\/div><div class=\"swiper-slide\" role=\"group\" aria-roledescription=\"slide\" aria-label=\"3 sur 5\"><figure class=\"swiper-slide-inner\"><img decoding=\"async\" class=\"swiper-slide-image\" src=\"https:\/\/cadamedia.com.br\/wp-content\/uploads\/2025\/10\/1897fb43-7ffb-4cc8-9aba-cd4d0e8d6dca.png\" alt=\"1897fb43-7ffb-4cc8-9aba-cd4d0e8d6dca\" \/><\/figure><\/div><div class=\"swiper-slide\" role=\"group\" aria-roledescription=\"slide\" aria-label=\"4 sur 5\"><figure class=\"swiper-slide-inner\"><img decoding=\"async\" class=\"swiper-slide-image\" src=\"https:\/\/cadamedia.com.br\/wp-content\/uploads\/2025\/10\/f066a461-8a12-4229-a083-f9d1bbe756f6.png\" alt=\"f066a461-8a12-4229-a083-f9d1bbe756f6\" \/><\/figure><\/div><div class=\"swiper-slide\" role=\"group\" aria-roledescription=\"slide\" aria-label=\"5 sur 5\"><figure class=\"swiper-slide-inner\"><img decoding=\"async\" class=\"swiper-slide-image\" src=\"https:\/\/cadamedia.com.br\/wp-content\/uploads\/2025\/10\/c3586797-bed4-4b0b-829c-a5f0364c6bb3.png\" alt=\"c3586797-bed4-4b0b-829c-a5f0364c6bb3\" \/><\/figure><\/div>\t\t\t<\/div>\n\t\t\t\t\t\t\t\n\t\t\t\t\t\t\t\t\t<\/div>\n\t\t\t\t\t\t<\/div>\n\t\t\t\t\t<\/div>\n\t\t\t\t<\/div>\n\t\t\t\t<\/div>\n\t\t","protected":false},"excerpt":{"rendered":"<p>\u00c0 propos CADA Media trouve ses racines au c\u0153ur du Br\u00e9sil, plus pr\u00e9cis\u00e9ment au Montana Ranch, le ranch familial de Carol, dans les montagnes du Minas Gerais. Entre ranchs et fermes, poussi\u00e8re, soleil ardent et chevaux Quarter Horse, ce quotidien a fa\u00e7onn\u00e9 notre regard. Les week-ends \u00e9taient rythm\u00e9s par les comp\u00e9titions dans les ranchs, tandis [&hellip;]<\/p>\n","protected":false},"author":1,"featured_media":0,"parent":0,"menu_order":0,"comment_status":"closed","ping_status":"closed","template":"elementor_header_footer","meta":{"footnotes":""},"class_list":["post-1816","page","type-page","status-publish","hentry"],"_links":{"self":[{"href":"https:\/\/cadamedia.com.br\/fr\/wp-json\/wp\/v2\/pages\/1816","targetHints":{"allow":["GET"]}}],"collection":[{"href":"https:\/\/cadamedia.com.br\/fr\/wp-json\/wp\/v2\/pages"}],"about":[{"href":"https:\/\/cadamedia.com.br\/fr\/wp-json\/wp\/v2\/types\/page"}],"author":[{"embeddable":true,"href":"https:\/\/cadamedia.com.br\/fr\/wp-json\/wp\/v2\/users\/1"}],"replies":[{"embeddable":true,"href":"https:\/\/cadamedia.com.br\/fr\/wp-json\/wp\/v2\/comments?post=1816"}],"version-history":[{"count":14,"href":"https:\/\/cadamedia.com.br\/fr\/wp-json\/wp\/v2\/pages\/1816\/revisions"}],"predecessor-version":[{"id":3021,"href":"https:\/\/cadamedia.com.br\/fr\/wp-json\/wp\/v2\/pages\/1816\/revisions\/3021"}],"wp:attachment":[{"href":"https:\/\/cadamedia.com.br\/fr\/wp-json\/wp\/v2\/media?parent=1816"}],"curies":[{"name":"wp","href":"https:\/\/api.w.org\/{rel}","templated":true}]}}