{"id":1870,"date":"2025-12-09T15:02:12","date_gmt":"2025-12-09T14:02:12","guid":{"rendered":"https:\/\/cadamedia.com.br\/portfolio\/"},"modified":"2026-01-06T11:56:28","modified_gmt":"2026-01-06T10:56:28","slug":"portfolio","status":"publish","type":"page","link":"https:\/\/cadamedia.com.br\/fr\/portfolio\/","title":{"rendered":"Portfolio"},"content":{"rendered":"\t\t<div data-elementor-type=\"wp-page\" data-elementor-id=\"1870\" class=\"elementor elementor-1870\" data-elementor-settings=\"{&quot;ha_cmc_init_switcher&quot;:&quot;no&quot;}\" data-elementor-post-type=\"page\">\n\t\t\t\t<div class=\"elementor-element elementor-element-6f93a03d e-flex e-con-boxed e-con e-parent\" data-id=\"6f93a03d\" data-element_type=\"container\" data-settings=\"{&quot;background_background&quot;:&quot;classic&quot;,&quot;_ha_eqh_enable&quot;:false}\">\n\t\t\t\t\t<div class=\"e-con-inner\">\n\t\t\t\t<div class=\"elementor-element elementor-element-7ad23ebe elementor-widget elementor-widget-heading\" data-id=\"7ad23ebe\" data-element_type=\"widget\" data-widget_type=\"heading.default\">\n\t\t\t\t\t<h2 class=\"elementor-heading-title elementor-size-default\">Portfolio<\/h2>\t\t\t\t<\/div>\n\t\t\t\t\t<\/div>\n\t\t\t\t<\/div>\n\t\t<div class=\"elementor-element elementor-element-758a5812 e-con-full e-flex e-con e-parent\" data-id=\"758a5812\" data-element_type=\"container\" data-settings=\"{&quot;background_background&quot;:&quot;classic&quot;,&quot;_ha_eqh_enable&quot;:false}\">\n\t\t\t\t<div class=\"elementor-element elementor-element-5c352821 elementor-widget__width-initial elementor-widget elementor-widget-text-editor\" data-id=\"5c352821\" data-element_type=\"widget\" data-widget_type=\"text-editor.default\">\n\t\t\t\t\t\t\t\t\t<p class=\"_28USrA AfeL7g XN6uKA _4N4NA\">L\u00e0 o\u00f9 la tradition western rencontre la cr\u00e9ation moderne.<br><br data-start=\"1164\" data-end=\"1167\">Notre portfolio pr\u00e9sente des projets qui mettent en valeur la puissance des chevaux de performance, l\u2019esprit des ranchs et l\u2019esth\u00e9tique authentique de l\u2019Ouest.<br><br data-start=\"1304\" data-end=\"1307\">Ici, chaque image est construite avec intention : communiquer, susciter l\u2019\u00e9motion et inscrire des histoires vraies dans le temps.<\/p>\t\t\t\t\t\t\t\t<\/div>\n\t\t\t\t<\/div>\n\t\t<div class=\"elementor-element elementor-element-df104a0 e-con-full e-flex e-con e-parent\" data-id=\"df104a0\" data-element_type=\"container\" data-settings=\"{&quot;background_background&quot;:&quot;classic&quot;,&quot;_ha_eqh_enable&quot;:false}\">\n\t\t\t\t<\/div>\n\t\t<div class=\"elementor-element elementor-element-531712e9 e-flex e-con-boxed e-con e-parent\" data-id=\"531712e9\" data-element_type=\"container\" data-settings=\"{&quot;background_background&quot;:&quot;classic&quot;,&quot;_ha_eqh_enable&quot;:false}\">\n\t\t\t\t\t<div class=\"e-con-inner\">\n\t\t\t\t<div class=\"elementor-element elementor-element-2abceaf2 elementor-widget elementor-widget-heading\" data-id=\"2abceaf2\" data-element_type=\"widget\" data-widget_type=\"heading.default\">\n\t\t\t\t\t<h2 class=\"elementor-heading-title elementor-size-default\">Inscrivez-vous \u00e0 notre newsletter !<\/h2>\t\t\t\t<\/div>\n\t\t<div class=\"elementor-element elementor-element-261f1e07 e-con-full e-flex e-con e-child\" data-id=\"261f1e07\" data-element_type=\"container\" data-settings=\"{&quot;_ha_eqh_enable&quot;:false}\">\n\t\t\t\t<div class=\"elementor-element elementor-element-2724318f elementor-button-align-start elementor-widget__width-initial elementor-widget elementor-widget-form\" data-id=\"2724318f\" data-element_type=\"widget\" data-settings=\"{&quot;button_width&quot;:&quot;30&quot;,&quot;step_next_label&quot;:&quot;Suivant&quot;,&quot;step_previous_label&quot;:&quot;Pr\\u00e9c\\u00e9dent&quot;,&quot;step_type&quot;:&quot;number_text&quot;,&quot;step_icon_shape&quot;:&quot;circle&quot;}\" data-widget_type=\"form.default\">\n\t\t\t\t\t\t\t<form class=\"elementor-form\" method=\"post\" name=\"Nouveau formulaire\" aria-label=\"Nouveau formulaire\">\n\t\t\t<input type=\"hidden\" name=\"post_id\" value=\"1870\"\/>\n\t\t\t<input type=\"hidden\" name=\"form_id\" value=\"2724318f\"\/>\n\t\t\t<input type=\"hidden\" name=\"referer_title\" value=\"Portfolio\" \/>\n\n\t\t\t\t\t\t\t<input type=\"hidden\" name=\"queried_id\" value=\"1870\"\/>\n\t\t\t\n\t\t\t<div class=\"elementor-form-fields-wrapper elementor-labels-above\">\n\t\t\t\t\t\t\t\t<div class=\"elementor-field-type-text elementor-field-group elementor-column elementor-field-group-name elementor-col-70\">\n\t\t\t\t\t\t\t\t\t\t\t\t\t<input size=\"1\" type=\"text\" name=\"form_fields[name]\" id=\"form-field-name\" class=\"elementor-field elementor-size-sm  elementor-field-textual\" placeholder=\"Email\">\n\t\t\t\t\t\t\t\t\t\t\t<\/div>\n\t\t\t\t\t\t\t\t<div class=\"elementor-field-group elementor-column elementor-field-type-submit elementor-col-30 e-form__buttons\">\n\t\t\t\t\t<button class=\"elementor-button elementor-size-sm\" type=\"submit\">\n\t\t\t\t\t\t<span class=\"elementor-button-content-wrapper\">\n\t\t\t\t\t\t\t\t\t\t\t\t\t\t\t\t\t\t\t\t\t\t<span class=\"elementor-button-text\">S'inscrire<\/span>\n\t\t\t\t\t\t\t\t\t\t\t\t\t<\/span>\n\t\t\t\t\t<\/button>\n\t\t\t\t<\/div>\n\t\t\t<\/div>\n\t\t<\/form>\n\t\t\t\t\t\t<\/div>\n\t\t\t\t<\/div>\n\t\t\t\t\t<\/div>\n\t\t\t\t<\/div>\n\t\t<div class=\"elementor-element elementor-element-684640e2 e-flex e-con-boxed e-con e-parent\" data-id=\"684640e2\" data-element_type=\"container\" id=\"hero-swap\" data-settings=\"{&quot;background_background&quot;:&quot;classic&quot;,&quot;_ha_eqh_enable&quot;:false}\">\n\t\t\t\t\t<div class=\"e-con-inner\">\n\t\t<div class=\"elementor-element elementor-element-7be93b9d e-con-full e-flex e-con e-child\" data-id=\"7be93b9d\" data-element_type=\"container\" data-settings=\"{&quot;_ha_eqh_enable&quot;:false}\">\n\t\t<div class=\"elementor-element elementor-element-1dec8b58 e-con-full hero-card card-1 e-flex e-con e-child\" data-id=\"1dec8b58\" data-element_type=\"container\" data-settings=\"{&quot;_ha_eqh_enable&quot;:false}\" data-bg=\"\">\n\t\t\t\t<div class=\"elementor-element elementor-element-33066933 elementor-widget elementor-widget-heading\" data-id=\"33066933\" data-element_type=\"widget\" data-widget_type=\"heading.default\">\n\t\t\t\t\t<h2 class=\"elementor-heading-title elementor-size-default\"><a href=\"https:\/\/cadamedia.com.br\/meu-portfolio\/\">D\u00e9couvrez notre travail \n\n<\/a><\/h2>\t\t\t\t<\/div>\n\t\t\t\t<div class=\"elementor-element elementor-element-2d4e5d4b elementor-widget elementor-widget-heading\" data-id=\"2d4e5d4b\" data-element_type=\"widget\" data-widget_type=\"heading.default\">\n\t\t\t\t\t<h2 class=\"elementor-heading-title elementor-size-default\"><a href=\"https:\/\/cadamedia.com.br\/meu-portfolio\/\">dans notre portfolio\n\n<\/a><\/h2>\t\t\t\t<\/div>\n\t\t\t\t<div data-ha-element-link=\"{&quot;url&quot;:&quot;https:\\\/\\\/cadamedia.com.br\\\/fr\\\/portfolio-fr\\\/&quot;,&quot;is_external&quot;:&quot;&quot;,&quot;nofollow&quot;:&quot;&quot;}\" style=\"cursor: pointer\" class=\"elementor-element elementor-element-24a58655 elementor-widget elementor-widget-html\" data-id=\"24a58655\" data-element_type=\"widget\" data-widget_type=\"html.default\">\n\t\t\t\t\t<span class=\"arrow\" aria-hidden=\"true\">\r\n  <svg viewbox=\"0 0 48 12\" width=\"48\" height=\"12\">\r\n    <path d=\"M1 6h42m0 0l-5-5m5 5l-5 5\" fill=\"none\" stroke=\"currentColor\" stroke-width=\"1.5\" stroke-linecap=\"round\" stroke-linejoin=\"round\"\/>\r\n  <\/svg>\r\n<\/span>\r\n\t\t\t\t<\/div>\n\t\t\t\t<\/div>\n\t\t<div class=\"elementor-element elementor-element-3827dfb7 e-con-full hero-card card-2 e-flex e-con e-child\" data-id=\"3827dfb7\" data-element_type=\"container\" data-settings=\"{&quot;_ha_eqh_enable&quot;:false}\" data-bg=\"\">\n\t\t\t\t<div class=\"elementor-element elementor-element-6254d463 elementor-widget elementor-widget-heading\" data-id=\"6254d463\" data-element_type=\"widget\" data-widget_type=\"heading.default\">\n\t\t\t\t\t<h2 class=\"elementor-heading-title elementor-size-default\"><a href=\"https:\/\/cadamedia.com.br\/fr\/services-2\/\">Explorez<\/a><\/h2>\t\t\t\t<\/div>\n\t\t\t\t<div class=\"elementor-element elementor-element-55eb80ac elementor-widget elementor-widget-heading\" data-id=\"55eb80ac\" data-element_type=\"widget\" data-widget_type=\"heading.default\">\n\t\t\t\t\t<h2 class=\"elementor-heading-title elementor-size-default\"><a href=\"https:\/\/cadamedia.com.br\/fr\/services-2\/\">nos services\n\n<\/a><\/h2>\t\t\t\t<\/div>\n\t\t\t\t<div data-ha-element-link=\"{&quot;url&quot;:&quot;https:\\\/\\\/cadamedia.com.br\\\/servicos\\\/&quot;,&quot;is_external&quot;:&quot;&quot;,&quot;nofollow&quot;:&quot;&quot;}\" style=\"cursor: pointer\" class=\"elementor-element elementor-element-27370343 elementor-widget elementor-widget-html\" data-id=\"27370343\" data-element_type=\"widget\" data-widget_type=\"html.default\">\n\t\t\t\t\t<span class=\"arrow\" aria-hidden=\"true\">\r\n  <svg viewbox=\"0 0 48 12\" width=\"48\" height=\"12\">\r\n    <path d=\"M1 6h42m0 0l-5-5m5 5l-5 5\" fill=\"none\" stroke=\"currentColor\" stroke-width=\"1.5\" stroke-linecap=\"round\" stroke-linejoin=\"round\"\/>\r\n  <\/svg>\r\n<\/span>\r\n\t\t\t\t<\/div>\n\t\t\t\t<\/div>\n\t\t<div class=\"elementor-element elementor-element-758bdbb1 e-con-full hero-card card-3 e-flex e-con e-child\" data-id=\"758bdbb1\" data-element_type=\"container\" data-settings=\"{&quot;_ha_eqh_enable&quot;:false}\" data-bg=\"\">\n\t\t\t\t<div class=\"elementor-element elementor-element-6021fb5b elementor-widget elementor-widget-heading\" data-id=\"6021fb5b\" data-element_type=\"widget\" data-widget_type=\"heading.default\">\n\t\t\t\t\t<h2 class=\"elementor-heading-title elementor-size-default\"><a href=\"https:\/\/cadamedia.com.br\/fr\/blog-2\/\">Notre parcours artistique\n\n<\/a><\/h2>\t\t\t\t<\/div>\n\t\t\t\t<div class=\"elementor-element elementor-element-25185aa7 elementor-widget elementor-widget-heading\" data-id=\"25185aa7\" data-element_type=\"widget\" data-widget_type=\"heading.default\">\n\t\t\t\t\t<h2 class=\"elementor-heading-title elementor-size-default\"><a href=\"https:\/\/cadamedia.com.br\/fr\/blog-2\/\">lisez notre blog\n\n<\/a><\/h2>\t\t\t\t<\/div>\n\t\t\t\t<div data-ha-element-link=\"{&quot;url&quot;:&quot;https:\\\/\\\/cadamedia.com.br\\\/blog\\\/&quot;,&quot;is_external&quot;:&quot;&quot;,&quot;nofollow&quot;:&quot;&quot;}\" style=\"cursor: pointer\" class=\"elementor-element elementor-element-5beeea49 elementor-widget elementor-widget-html\" data-id=\"5beeea49\" data-element_type=\"widget\" data-widget_type=\"html.default\">\n\t\t\t\t\t<span class=\"arrow\" aria-hidden=\"true\">\r\n  <svg viewbox=\"0 0 48 12\" width=\"48\" height=\"12\">\r\n    <path d=\"M1 6h42m0 0l-5-5m5 5l-5 5\" fill=\"none\" stroke=\"currentColor\" stroke-width=\"1.5\" stroke-linecap=\"round\" stroke-linejoin=\"round\"\/>\r\n  <\/svg>\r\n<\/span>\r\n\t\t\t\t<\/div>\n\t\t\t\t<\/div>\n\t\t\t\t<\/div>\n\t\t<div class=\"elementor-element elementor-element-d002766 e-con-full e-flex e-con e-child\" data-id=\"d002766\" data-element_type=\"container\" data-settings=\"{&quot;_ha_eqh_enable&quot;:false}\">\n\t\t\t\t<div class=\"elementor-element elementor-element-242f9247 elementor-widget elementor-widget-html\" data-id=\"242f9247\" data-element_type=\"widget\" data-widget_type=\"html.default\">\n\t\t\t\t\t<script>document.addEventListener('DOMContentLoaded', function(){\r\n  const hero = document.getElementById('hero-swap');\r\n  if(!hero) return;\r\n\r\n  const urls = {\r\n    1: \"https:\/\/cadamedia.com.br\/wp-content\/uploads\/2025\/10\/r1.png\",\r\n    2: \"https:\/\/cadamedia.com.br\/wp-content\/uploads\/2025\/10\/r2.png\",\r\n    3: \"https:\/\/cadamedia.com.br\/wp-content\/uploads\/2025\/10\/r3.png\"\r\n  };\r\n\r\n  \/\/ cria a camada ::after equivalente via DOM:\r\n  let fx = document.createElement('div');\r\n  fx.className = 'hero-swap-fx';\r\n  hero.appendChild(fx);\r\n\r\n  Object.assign(fx.style,{\r\n    position:'absolute', inset:'0', backgroundSize:'cover', backgroundPosition:'center',\r\n    opacity:'0', transition:'opacity .6s ease', pointerEvents:'none', zIndex:'1'\r\n  });\r\n\r\n  \/\/ garante sobreposi\u00e7\u00e3o do Elementor\r\n  const overlay = hero.querySelector('.elementor-background-overlay');\r\n  if(overlay){ overlay.style.zIndex = '2'; }\r\n  hero.querySelectorAll('.hero-card').forEach((card,i)=>{\r\n    const id = [...card.classList].find(c=>\/^card-\\d$\/.test(c));\r\n    const n = id ? id.split('-')[1] : i+1;\r\n\r\n    const show = ()=>{ fx.style.backgroundImage = `url(\"${urls[n]}\")`; fx.style.opacity = '1'; };\r\n    const hide = ()=>{ fx.style.opacity = '0'; };\r\n\r\n    card.addEventListener('mouseenter', show);\r\n    card.addEventListener('focusin', show);\r\n    card.addEventListener('mouseleave', hide);\r\n    card.addEventListener('focusout', hide);\r\n  });\r\n});\r\n<\/script>\t\t\t\t<\/div>\n\t\t\t\t<\/div>\n\t\t\t\t\t<\/div>\n\t\t\t\t<\/div>\n\t\t<div class=\"elementor-element elementor-element-b2618f0 e-flex e-con-boxed e-con e-parent\" data-id=\"b2618f0\" data-element_type=\"container\" data-settings=\"{&quot;background_background&quot;:&quot;classic&quot;,&quot;_ha_eqh_enable&quot;:false}\">\n\t\t\t\t\t<div class=\"e-con-inner\">\n\t\t\t\t<div class=\"elementor-element elementor-element-4299f7b elementor-widget__width-initial elementor-widget elementor-widget-image-carousel\" data-id=\"4299f7b\" data-element_type=\"widget\" id=\"carrossel\" data-settings=\"{&quot;slides_to_show&quot;:&quot;5&quot;,&quot;navigation&quot;:&quot;none&quot;,&quot;autoplay_speed&quot;:0,&quot;speed&quot;:8000,&quot;autoplay&quot;:&quot;yes&quot;,&quot;pause_on_hover&quot;:&quot;yes&quot;,&quot;pause_on_interaction&quot;:&quot;yes&quot;,&quot;infinite&quot;:&quot;yes&quot;}\" data-widget_type=\"image-carousel.default\">\n\t\t\t\t\t\t\t<div class=\"elementor-image-carousel-wrapper swiper\" role=\"region\" aria-roledescription=\"carousel\" aria-label=\"Carrossel de imagens\" dir=\"ltr\">\n\t\t\t<div class=\"elementor-image-carousel swiper-wrapper\" aria-live=\"off\">\n\t\t\t\t\t\t\t\t<div class=\"swiper-slide\" role=\"group\" aria-roledescription=\"slide\" aria-label=\"1 sur 5\"><figure class=\"swiper-slide-inner\"><img decoding=\"async\" class=\"swiper-slide-image\" src=\"https:\/\/cadamedia.com.br\/wp-content\/uploads\/2025\/10\/7cb10b5f-e071-4509-a40f-c87345d5d8b1.png\" alt=\"7cb10b5f-e071-4509-a40f-c87345d5d8b1\" \/><\/figure><\/div><div class=\"swiper-slide\" role=\"group\" aria-roledescription=\"slide\" aria-label=\"2 sur 5\"><figure class=\"swiper-slide-inner\"><img decoding=\"async\" class=\"swiper-slide-image\" src=\"https:\/\/cadamedia.com.br\/wp-content\/uploads\/2025\/10\/2d8619e8-a2b4-404a-b25e-b7141d17ae81.png\" alt=\"2d8619e8-a2b4-404a-b25e-b7141d17ae81\" \/><\/figure><\/div><div class=\"swiper-slide\" role=\"group\" aria-roledescription=\"slide\" aria-label=\"3 sur 5\"><figure class=\"swiper-slide-inner\"><img decoding=\"async\" class=\"swiper-slide-image\" src=\"https:\/\/cadamedia.com.br\/wp-content\/uploads\/2025\/10\/1897fb43-7ffb-4cc8-9aba-cd4d0e8d6dca.png\" alt=\"1897fb43-7ffb-4cc8-9aba-cd4d0e8d6dca\" \/><\/figure><\/div><div class=\"swiper-slide\" role=\"group\" aria-roledescription=\"slide\" aria-label=\"4 sur 5\"><figure class=\"swiper-slide-inner\"><img decoding=\"async\" class=\"swiper-slide-image\" src=\"https:\/\/cadamedia.com.br\/wp-content\/uploads\/2025\/10\/f066a461-8a12-4229-a083-f9d1bbe756f6.png\" alt=\"f066a461-8a12-4229-a083-f9d1bbe756f6\" \/><\/figure><\/div><div class=\"swiper-slide\" role=\"group\" aria-roledescription=\"slide\" aria-label=\"5 sur 5\"><figure class=\"swiper-slide-inner\"><img decoding=\"async\" class=\"swiper-slide-image\" src=\"https:\/\/cadamedia.com.br\/wp-content\/uploads\/2025\/10\/c3586797-bed4-4b0b-829c-a5f0364c6bb3.png\" alt=\"c3586797-bed4-4b0b-829c-a5f0364c6bb3\" \/><\/figure><\/div>\t\t\t<\/div>\n\t\t\t\t\t\t\t\n\t\t\t\t\t\t\t\t\t<\/div>\n\t\t\t\t\t\t<\/div>\n\t\t\t\t\t<\/div>\n\t\t\t\t<\/div>\n\t\t\t\t<\/div>\n\t\t","protected":false},"excerpt":{"rendered":"<p>Portfolio L\u00e0 o\u00f9 la tradition western rencontre la cr\u00e9ation moderne.Notre portfolio pr\u00e9sente des projets qui mettent en valeur la puissance des chevaux de performance, l\u2019esprit des ranchs et l\u2019esth\u00e9tique authentique de l\u2019Ouest.Ici, chaque image est construite avec intention : communiquer, susciter l\u2019\u00e9motion et inscrire des histoires vraies dans le temps. Equiblues 2025 Paula Bernardino 2022 [&hellip;]<\/p>\n","protected":false},"author":1,"featured_media":0,"parent":0,"menu_order":0,"comment_status":"closed","ping_status":"closed","template":"elementor_header_footer","meta":{"footnotes":""},"class_list":["post-1870","page","type-page","status-publish","hentry"],"_links":{"self":[{"href":"https:\/\/cadamedia.com.br\/fr\/wp-json\/wp\/v2\/pages\/1870","targetHints":{"allow":["GET"]}}],"collection":[{"href":"https:\/\/cadamedia.com.br\/fr\/wp-json\/wp\/v2\/pages"}],"about":[{"href":"https:\/\/cadamedia.com.br\/fr\/wp-json\/wp\/v2\/types\/page"}],"author":[{"embeddable":true,"href":"https:\/\/cadamedia.com.br\/fr\/wp-json\/wp\/v2\/users\/1"}],"replies":[{"embeddable":true,"href":"https:\/\/cadamedia.com.br\/fr\/wp-json\/wp\/v2\/comments?post=1870"}],"version-history":[{"count":9,"href":"https:\/\/cadamedia.com.br\/fr\/wp-json\/wp\/v2\/pages\/1870\/revisions"}],"predecessor-version":[{"id":2954,"href":"https:\/\/cadamedia.com.br\/fr\/wp-json\/wp\/v2\/pages\/1870\/revisions\/2954"}],"wp:attachment":[{"href":"https:\/\/cadamedia.com.br\/fr\/wp-json\/wp\/v2\/media?parent=1870"}],"curies":[{"name":"wp","href":"https:\/\/api.w.org\/{rel}","templated":true}]}}