{"id":3181,"date":"2026-01-07T12:33:14","date_gmt":"2026-01-07T11:33:14","guid":{"rendered":"https:\/\/cadamedia.com.br\/blog-2\/"},"modified":"2026-01-07T15:59:52","modified_gmt":"2026-01-07T14:59:52","slug":"blog-2","status":"publish","type":"page","link":"https:\/\/cadamedia.com.br\/fr\/blog-2\/","title":{"rendered":"Blog"},"content":{"rendered":"\t\t<div data-elementor-type=\"wp-page\" data-elementor-id=\"3181\" class=\"elementor elementor-3181 elementor-3149\" data-elementor-settings=\"{&quot;ha_cmc_init_switcher&quot;:&quot;no&quot;}\" data-elementor-post-type=\"page\">\n\t\t\t\t<div class=\"elementor-element elementor-element-7385bd56 e-flex e-con-boxed e-con e-parent\" data-id=\"7385bd56\" data-element_type=\"container\" data-settings=\"{&quot;background_background&quot;:&quot;classic&quot;,&quot;_ha_eqh_enable&quot;:false}\">\n\t\t\t\t\t<div class=\"e-con-inner\">\n\t\t\t\t<div class=\"elementor-element elementor-element-219d42e elementor-widget elementor-widget-heading\" data-id=\"219d42e\" data-element_type=\"widget\" data-widget_type=\"heading.default\">\n\t\t\t\t\t<h2 class=\"elementor-heading-title elementor-size-default\">Blog<\/h2>\t\t\t\t<\/div>\n\t\t\t\t\t<\/div>\n\t\t\t\t<\/div>\n\t\t<div class=\"elementor-element elementor-element-2c6ce08b e-con-full e-flex e-con e-parent\" data-id=\"2c6ce08b\" data-element_type=\"container\" data-settings=\"{&quot;background_background&quot;:&quot;classic&quot;,&quot;_ha_eqh_enable&quot;:false}\">\n\t\t\t\t<div class=\"elementor-element elementor-element-6b529fd4 elementor-widget__width-initial elementor-widget elementor-widget-text-editor\" data-id=\"6b529fd4\" data-element_type=\"widget\" data-widget_type=\"text-editor.default\">\n\t\t\t\t\t\t\t\t\t<p class=\"p1\"><b>Dans les coulisses de la photographie \u00e9questre<\/b><\/p>\t\t\t\t\t\t\t\t<\/div>\n\t\t\t\t<div class=\"elementor-element elementor-element-2c17849 elementor-widget__width-initial elementor-widget elementor-widget-text-editor\" data-id=\"2c17849\" data-element_type=\"widget\" data-widget_type=\"text-editor.default\">\n\t\t\t\t\t\t\t\t\t<p class=\"p1\">Ce blog est un journal de bord d\u00e9di\u00e9 \u00e0 la photographie \u00e9questre, telle qu\u2019elle se vit r\u00e9ellement sur le terrain.<br>Entre s\u00e9ances photo avec des chevaux, \u00e9v\u00e9nements western, pr\u00e9paration en amont et impr\u00e9vus le jour J, je partage ici la r\u00e9alit\u00e9 de mon travail de photographe \u00e9questre.<\/p><p class=\"p1\">Au fil des articles, vous d\u00e9couvrirez :<\/p><ul class=\"ul1\"><li class=\"li1\">comment se pr\u00e9pare une s\u00e9ance photo avec des chevaux, de la planification \u00e0 la prise de vue<\/li><li class=\"li1\">les choix techniques et artistiques derri\u00e8re chaque image<\/li><li class=\"li1\">les coulisses de projets et d\u2019\u00e9v\u00e9nements \u00e9questres<\/li><li class=\"li1\">des conseils pratiques pour les cavaliers, organisateurs et passionn\u00e9s de photographie<br><br><\/li><\/ul><p class=\"p1\">Que vous soyez cavalier, organisateur ou photographe, ce blog a pour objectif de montrer les coulisses et le quotidien r\u00e9el du m\u00e9tier de photographe \u00e9questre.<\/p>\t\t\t\t\t\t\t\t<\/div>\n\t\t\t\t<\/div>\n\t\t<div class=\"elementor-element elementor-element-9d1539e e-con-full e-flex e-con e-parent\" data-id=\"9d1539e\" data-element_type=\"container\" data-settings=\"{&quot;_ha_eqh_enable&quot;:false}\">\n\t\t<div class=\"elementor-element elementor-element-6aa1aea4 e-flex e-con-boxed e-con e-child\" data-id=\"6aa1aea4\" data-element_type=\"container\" data-settings=\"{&quot;background_background&quot;:&quot;classic&quot;,&quot;_ha_eqh_enable&quot;:false}\">\n\t\t\t\t\t<div class=\"e-con-inner\">\n\t\t\t\t<div class=\"elementor-element elementor-element-79a6aa2f elementor-widget elementor-widget-heading\" data-id=\"79a6aa2f\" data-element_type=\"widget\" data-widget_type=\"heading.default\">\n\t\t\t\t\t<h2 class=\"elementor-heading-title elementor-size-default\">Inscrivez-vous \u00e0 notre newsletter !<\/h2>\t\t\t\t<\/div>\n\t\t<div class=\"elementor-element elementor-element-1a01f9bd e-con-full e-flex e-con e-child\" data-id=\"1a01f9bd\" data-element_type=\"container\" data-settings=\"{&quot;_ha_eqh_enable&quot;:false}\">\n\t\t\t\t<div class=\"elementor-element elementor-element-28c898cb elementor-button-align-start elementor-widget__width-initial elementor-widget elementor-widget-form\" data-id=\"28c898cb\" data-element_type=\"widget\" data-settings=\"{&quot;button_width&quot;:&quot;30&quot;,&quot;step_next_label&quot;:&quot;Suivant&quot;,&quot;step_previous_label&quot;:&quot;Pr\\u00e9c\\u00e9dent&quot;,&quot;step_type&quot;:&quot;number_text&quot;,&quot;step_icon_shape&quot;:&quot;circle&quot;}\" data-widget_type=\"form.default\">\n\t\t\t\t\t\t\t<form class=\"elementor-form\" method=\"post\" name=\"Nouveau formulaire\" aria-label=\"Nouveau formulaire\">\n\t\t\t<input type=\"hidden\" name=\"post_id\" value=\"3181\"\/>\n\t\t\t<input type=\"hidden\" name=\"form_id\" value=\"28c898cb\"\/>\n\t\t\t<input type=\"hidden\" name=\"referer_title\" value=\"Blog\" \/>\n\n\t\t\t\t\t\t\t<input type=\"hidden\" name=\"queried_id\" value=\"3181\"\/>\n\t\t\t\n\t\t\t<div class=\"elementor-form-fields-wrapper elementor-labels-above\">\n\t\t\t\t\t\t\t\t<div class=\"elementor-field-type-text elementor-field-group elementor-column elementor-field-group-name elementor-col-70\">\n\t\t\t\t\t\t\t\t\t\t\t\t\t<input size=\"1\" type=\"text\" name=\"form_fields[name]\" id=\"form-field-name\" class=\"elementor-field elementor-size-sm  elementor-field-textual\" placeholder=\"Email\">\n\t\t\t\t\t\t\t\t\t\t\t<\/div>\n\t\t\t\t\t\t\t\t<div class=\"elementor-field-group elementor-column elementor-field-type-submit elementor-col-30 e-form__buttons\">\n\t\t\t\t\t<button class=\"elementor-button elementor-size-sm\" type=\"submit\">\n\t\t\t\t\t\t<span class=\"elementor-button-content-wrapper\">\n\t\t\t\t\t\t\t\t\t\t\t\t\t\t\t\t\t\t\t\t\t\t<span class=\"elementor-button-text\">S'inscrire<\/span>\n\t\t\t\t\t\t\t\t\t\t\t\t\t<\/span>\n\t\t\t\t\t<\/button>\n\t\t\t\t<\/div>\n\t\t\t<\/div>\n\t\t<\/form>\n\t\t\t\t\t\t<\/div>\n\t\t\t\t<\/div>\n\t\t\t\t\t<\/div>\n\t\t\t\t<\/div>\n\t\t\t\t<\/div>\n\t\t<div class=\"elementor-element elementor-element-5c1cf59a e-flex e-con-boxed e-con e-parent\" data-id=\"5c1cf59a\" data-element_type=\"container\" id=\"hero-swap\" data-settings=\"{&quot;background_background&quot;:&quot;classic&quot;,&quot;_ha_eqh_enable&quot;:false}\">\n\t\t\t\t\t<div class=\"e-con-inner\">\n\t\t<div class=\"elementor-element elementor-element-4403af20 e-con-full e-flex e-con e-child\" data-id=\"4403af20\" data-element_type=\"container\" data-settings=\"{&quot;_ha_eqh_enable&quot;:false}\">\n\t\t<div class=\"elementor-element elementor-element-5e991b8a e-con-full hero-card card-1 e-flex e-con e-child\" data-id=\"5e991b8a\" data-element_type=\"container\" data-settings=\"{&quot;_ha_eqh_enable&quot;:false}\" data-bg=\"\">\n\t\t\t\t<div class=\"elementor-element elementor-element-42bc3181 elementor-widget elementor-widget-heading\" data-id=\"42bc3181\" data-element_type=\"widget\" data-widget_type=\"heading.default\">\n\t\t\t\t\t<h2 class=\"elementor-heading-title elementor-size-default\"><a href=\"https:\/\/cadamedia.com.br\/fr\/portfolio\/\">D\u00e9couvrez notre travail \n\n<\/a><\/h2>\t\t\t\t<\/div>\n\t\t\t\t<div class=\"elementor-element elementor-element-cff6fbc elementor-widget elementor-widget-heading\" data-id=\"cff6fbc\" data-element_type=\"widget\" data-widget_type=\"heading.default\">\n\t\t\t\t\t<h2 class=\"elementor-heading-title elementor-size-default\"><a href=\"https:\/\/cadamedia.com.br\/fr\/portfolio\/\">dans notre portfolio\n\n<\/a><\/h2>\t\t\t\t<\/div>\n\t\t\t\t<div data-ha-element-link=\"{&quot;url&quot;:&quot;https:\\\/\\\/cadamedia.com.br\\\/portfolio\\\/&quot;,&quot;is_external&quot;:&quot;&quot;,&quot;nofollow&quot;:&quot;&quot;}\" style=\"cursor: pointer\" class=\"elementor-element elementor-element-6d32a3e7 elementor-widget elementor-widget-html\" data-id=\"6d32a3e7\" data-element_type=\"widget\" data-widget_type=\"html.default\">\n\t\t\t\t\t<span class=\"arrow\" aria-hidden=\"true\">\r\n  <svg viewbox=\"0 0 48 12\" width=\"48\" height=\"12\">\r\n    <path d=\"M1 6h42m0 0l-5-5m5 5l-5 5\" fill=\"none\" stroke=\"currentColor\" stroke-width=\"1.5\" stroke-linecap=\"round\" stroke-linejoin=\"round\"\/>\r\n  <\/svg>\r\n<\/span>\r\n\t\t\t\t<\/div>\n\t\t\t\t<\/div>\n\t\t<div class=\"elementor-element elementor-element-30e25d82 e-con-full hero-card card-2 e-flex e-con e-child\" data-id=\"30e25d82\" data-element_type=\"container\" data-settings=\"{&quot;_ha_eqh_enable&quot;:false}\" data-bg=\"\">\n\t\t\t\t<div class=\"elementor-element elementor-element-1413c9dc elementor-widget elementor-widget-heading\" data-id=\"1413c9dc\" data-element_type=\"widget\" data-widget_type=\"heading.default\">\n\t\t\t\t\t<h2 class=\"elementor-heading-title elementor-size-default\"><a href=\"https:\/\/cadamedia.com.br\/fr\/services\/\">Explorez<\/a><\/h2>\t\t\t\t<\/div>\n\t\t\t\t<div class=\"elementor-element elementor-element-4cd4c93 elementor-widget elementor-widget-heading\" data-id=\"4cd4c93\" data-element_type=\"widget\" data-widget_type=\"heading.default\">\n\t\t\t\t\t<h2 class=\"elementor-heading-title elementor-size-default\"><a href=\"https:\/\/cadamedia.com.br\/fr\/services\/\">nos services\n\n<\/a><\/h2>\t\t\t\t<\/div>\n\t\t\t\t<div data-ha-element-link=\"{&quot;url&quot;:&quot;https:\\\/\\\/cadamedia.com.br\\\/servicos\\\/&quot;,&quot;is_external&quot;:&quot;&quot;,&quot;nofollow&quot;:&quot;&quot;}\" style=\"cursor: pointer\" class=\"elementor-element elementor-element-3b6363b1 elementor-widget elementor-widget-html\" data-id=\"3b6363b1\" data-element_type=\"widget\" data-widget_type=\"html.default\">\n\t\t\t\t\t<span class=\"arrow\" aria-hidden=\"true\">\r\n  <svg viewbox=\"0 0 48 12\" width=\"48\" height=\"12\">\r\n    <path d=\"M1 6h42m0 0l-5-5m5 5l-5 5\" fill=\"none\" stroke=\"currentColor\" stroke-width=\"1.5\" stroke-linecap=\"round\" stroke-linejoin=\"round\"\/>\r\n  <\/svg>\r\n<\/span>\r\n\t\t\t\t<\/div>\n\t\t\t\t<\/div>\n\t\t<div class=\"elementor-element elementor-element-2c5d4d29 e-con-full hero-card card-3 e-flex e-con e-child\" data-id=\"2c5d4d29\" data-element_type=\"container\" data-settings=\"{&quot;_ha_eqh_enable&quot;:false}\" data-bg=\"\">\n\t\t\t\t<div class=\"elementor-element elementor-element-357430f2 elementor-widget elementor-widget-heading\" data-id=\"357430f2\" data-element_type=\"widget\" data-widget_type=\"heading.default\">\n\t\t\t\t\t<h2 class=\"elementor-heading-title elementor-size-default\"><a href=\"https:\/\/cadamedia.com.br\/fr\/blog-2\/\">Notre parcours artistique\n\n<\/a><\/h2>\t\t\t\t<\/div>\n\t\t\t\t<div class=\"elementor-element elementor-element-54065140 elementor-widget elementor-widget-heading\" data-id=\"54065140\" data-element_type=\"widget\" data-widget_type=\"heading.default\">\n\t\t\t\t\t<h2 class=\"elementor-heading-title elementor-size-default\"><a href=\"https:\/\/cadamedia.com.br\/fr\/blog-2\/\">lisez notre blog\n\n<\/a><\/h2>\t\t\t\t<\/div>\n\t\t\t\t<div data-ha-element-link=\"{&quot;url&quot;:&quot;https:\\\/\\\/cadamedia.com.br\\\/blog\\\/&quot;,&quot;is_external&quot;:&quot;&quot;,&quot;nofollow&quot;:&quot;&quot;}\" style=\"cursor: pointer\" class=\"elementor-element elementor-element-265d2752 elementor-widget elementor-widget-html\" data-id=\"265d2752\" data-element_type=\"widget\" data-widget_type=\"html.default\">\n\t\t\t\t\t<span class=\"arrow\" aria-hidden=\"true\">\r\n  <svg viewbox=\"0 0 48 12\" width=\"48\" height=\"12\">\r\n    <path d=\"M1 6h42m0 0l-5-5m5 5l-5 5\" fill=\"none\" stroke=\"currentColor\" stroke-width=\"1.5\" stroke-linecap=\"round\" stroke-linejoin=\"round\"\/>\r\n  <\/svg>\r\n<\/span>\r\n\t\t\t\t<\/div>\n\t\t\t\t<\/div>\n\t\t\t\t<\/div>\n\t\t<div class=\"elementor-element elementor-element-37386205 e-con-full e-flex e-con e-child\" data-id=\"37386205\" data-element_type=\"container\" data-settings=\"{&quot;_ha_eqh_enable&quot;:false}\">\n\t\t\t\t<div class=\"elementor-element elementor-element-68b34f00 elementor-widget elementor-widget-html\" data-id=\"68b34f00\" data-element_type=\"widget\" data-widget_type=\"html.default\">\n\t\t\t\t\t<script>document.addEventListener('DOMContentLoaded', function(){\r\n  const hero = document.getElementById('hero-swap');\r\n  if(!hero) return;\r\n\r\n  const urls = {\r\n    1: \"https:\/\/cadamedia.com.br\/wp-content\/uploads\/2025\/10\/r1.png\",\r\n    2: \"https:\/\/cadamedia.com.br\/wp-content\/uploads\/2025\/10\/r2.png\",\r\n    3: \"https:\/\/cadamedia.com.br\/wp-content\/uploads\/2025\/10\/r3.png\"\r\n  };\r\n\r\n  \/\/ cria a camada ::after equivalente via DOM:\r\n  let fx = document.createElement('div');\r\n  fx.className = 'hero-swap-fx';\r\n  hero.appendChild(fx);\r\n\r\n  Object.assign(fx.style,{\r\n    position:'absolute', inset:'0', backgroundSize:'cover', backgroundPosition:'center',\r\n    opacity:'0', transition:'opacity .6s ease', pointerEvents:'none', zIndex:'1'\r\n  });\r\n\r\n  \/\/ garante sobreposi\u00e7\u00e3o do Elementor\r\n  const overlay = hero.querySelector('.elementor-background-overlay');\r\n  if(overlay){ overlay.style.zIndex = '2'; }\r\n  hero.querySelectorAll('.hero-card').forEach((card,i)=>{\r\n    const id = [...card.classList].find(c=>\/^card-\\d$\/.test(c));\r\n    const n = id ? id.split('-')[1] : i+1;\r\n\r\n    const show = ()=>{ fx.style.backgroundImage = `url(\"${urls[n]}\")`; fx.style.opacity = '1'; };\r\n    const hide = ()=>{ fx.style.opacity = '0'; };\r\n\r\n    card.addEventListener('mouseenter', show);\r\n    card.addEventListener('focusin', show);\r\n    card.addEventListener('mouseleave', hide);\r\n    card.addEventListener('focusout', hide);\r\n  });\r\n});\r\n<\/script>\t\t\t\t<\/div>\n\t\t\t\t<\/div>\n\t\t\t\t\t<\/div>\n\t\t\t\t<\/div>\n\t\t<div class=\"elementor-element elementor-element-514b9b16 e-flex e-con-boxed e-con e-parent\" data-id=\"514b9b16\" data-element_type=\"container\" data-settings=\"{&quot;background_background&quot;:&quot;classic&quot;,&quot;_ha_eqh_enable&quot;:false}\">\n\t\t\t\t\t<div class=\"e-con-inner\">\n\t\t\t\t<div class=\"elementor-element elementor-element-28232d94 elementor-widget__width-initial elementor-widget elementor-widget-image-carousel\" data-id=\"28232d94\" data-element_type=\"widget\" id=\"carrossel\" data-settings=\"{&quot;slides_to_show&quot;:&quot;5&quot;,&quot;navigation&quot;:&quot;none&quot;,&quot;autoplay_speed&quot;:0,&quot;speed&quot;:8000,&quot;autoplay&quot;:&quot;yes&quot;,&quot;pause_on_hover&quot;:&quot;yes&quot;,&quot;pause_on_interaction&quot;:&quot;yes&quot;,&quot;infinite&quot;:&quot;yes&quot;}\" data-widget_type=\"image-carousel.default\">\n\t\t\t\t\t\t\t<div class=\"elementor-image-carousel-wrapper swiper\" role=\"region\" aria-roledescription=\"carousel\" aria-label=\"Carrossel de imagens\" dir=\"ltr\">\n\t\t\t<div class=\"elementor-image-carousel swiper-wrapper\" aria-live=\"off\">\n\t\t\t\t\t\t\t\t<div class=\"swiper-slide\" role=\"group\" aria-roledescription=\"slide\" aria-label=\"1 sur 5\"><figure class=\"swiper-slide-inner\"><img decoding=\"async\" class=\"swiper-slide-image\" src=\"https:\/\/cadamedia.com.br\/wp-content\/uploads\/2025\/10\/7cb10b5f-e071-4509-a40f-c87345d5d8b1.png\" alt=\"7cb10b5f-e071-4509-a40f-c87345d5d8b1\" \/><\/figure><\/div><div class=\"swiper-slide\" role=\"group\" aria-roledescription=\"slide\" aria-label=\"2 sur 5\"><figure class=\"swiper-slide-inner\"><img decoding=\"async\" class=\"swiper-slide-image\" src=\"https:\/\/cadamedia.com.br\/wp-content\/uploads\/2025\/10\/2d8619e8-a2b4-404a-b25e-b7141d17ae81.png\" alt=\"2d8619e8-a2b4-404a-b25e-b7141d17ae81\" \/><\/figure><\/div><div class=\"swiper-slide\" role=\"group\" aria-roledescription=\"slide\" aria-label=\"3 sur 5\"><figure class=\"swiper-slide-inner\"><img decoding=\"async\" class=\"swiper-slide-image\" src=\"https:\/\/cadamedia.com.br\/wp-content\/uploads\/2025\/10\/1897fb43-7ffb-4cc8-9aba-cd4d0e8d6dca.png\" alt=\"1897fb43-7ffb-4cc8-9aba-cd4d0e8d6dca\" \/><\/figure><\/div><div class=\"swiper-slide\" role=\"group\" aria-roledescription=\"slide\" aria-label=\"4 sur 5\"><figure class=\"swiper-slide-inner\"><img decoding=\"async\" class=\"swiper-slide-image\" src=\"https:\/\/cadamedia.com.br\/wp-content\/uploads\/2025\/10\/f066a461-8a12-4229-a083-f9d1bbe756f6.png\" alt=\"f066a461-8a12-4229-a083-f9d1bbe756f6\" \/><\/figure><\/div><div class=\"swiper-slide\" role=\"group\" aria-roledescription=\"slide\" aria-label=\"5 sur 5\"><figure class=\"swiper-slide-inner\"><img decoding=\"async\" class=\"swiper-slide-image\" src=\"https:\/\/cadamedia.com.br\/wp-content\/uploads\/2025\/10\/c3586797-bed4-4b0b-829c-a5f0364c6bb3.png\" alt=\"c3586797-bed4-4b0b-829c-a5f0364c6bb3\" \/><\/figure><\/div>\t\t\t<\/div>\n\t\t\t\t\t\t\t\n\t\t\t\t\t\t\t\t\t<\/div>\n\t\t\t\t\t\t<\/div>\n\t\t\t\t\t<\/div>\n\t\t\t\t<\/div>\n\t\t\t\t<\/div>\n\t\t","protected":false},"excerpt":{"rendered":"<p>Blog Dans les coulisses de la photographie \u00e9questre Ce blog est un journal de bord d\u00e9di\u00e9 \u00e0 la photographie \u00e9questre, telle qu\u2019elle se vit r\u00e9ellement sur le terrain.Entre s\u00e9ances photo avec des chevaux, \u00e9v\u00e9nements western, pr\u00e9paration en amont et impr\u00e9vus le jour J, je partage ici la r\u00e9alit\u00e9 de mon travail de photographe \u00e9questre. Au [&hellip;]<\/p>\n","protected":false},"author":1,"featured_media":0,"parent":0,"menu_order":0,"comment_status":"closed","ping_status":"closed","template":"elementor_header_footer","meta":{"footnotes":""},"class_list":["post-3181","page","type-page","status-publish","hentry"],"_links":{"self":[{"href":"https:\/\/cadamedia.com.br\/fr\/wp-json\/wp\/v2\/pages\/3181","targetHints":{"allow":["GET"]}}],"collection":[{"href":"https:\/\/cadamedia.com.br\/fr\/wp-json\/wp\/v2\/pages"}],"about":[{"href":"https:\/\/cadamedia.com.br\/fr\/wp-json\/wp\/v2\/types\/page"}],"author":[{"embeddable":true,"href":"https:\/\/cadamedia.com.br\/fr\/wp-json\/wp\/v2\/users\/1"}],"replies":[{"embeddable":true,"href":"https:\/\/cadamedia.com.br\/fr\/wp-json\/wp\/v2\/comments?post=3181"}],"version-history":[{"count":1,"href":"https:\/\/cadamedia.com.br\/fr\/wp-json\/wp\/v2\/pages\/3181\/revisions"}],"predecessor-version":[{"id":3182,"href":"https:\/\/cadamedia.com.br\/fr\/wp-json\/wp\/v2\/pages\/3181\/revisions\/3182"}],"wp:attachment":[{"href":"https:\/\/cadamedia.com.br\/fr\/wp-json\/wp\/v2\/media?parent=3181"}],"curies":[{"name":"wp","href":"https:\/\/api.w.org\/{rel}","templated":true}]}}